{"id":143,"date":"2016-01-31T19:05:07","date_gmt":"2016-01-31T17:05:07","guid":{"rendered":"http:\/\/proengines.fi\/wordpress\/?page_id=143"},"modified":"2016-01-31T19:33:59","modified_gmt":"2016-01-31T17:33:59","slug":"historia","status":"publish","type":"page","link":"http:\/\/proengines.fi\/wordpress\/historia\/","title":{"rendered":"Historia"},"content":{"rendered":"<p>Pro Engines on perustettu jo vuonna 1972. Tuolloin nimen\u00e4 oli Kokkolan Moottorihiomo Ky.<br \/>\nToimenkuvana oli moottoreiden koneistusty\u00f6t.<br \/>\n<img loading=\"lazy\" decoding=\"async\" class=\"aligncenter size-medium wp-image-97\" src=\"http:\/\/proengines.fi\/wordpress\/wp-content\/uploads\/2015\/09\/8-JPG-300x200.jpg\" alt=\"8-JPG\" width=\"300\" height=\"200\" srcset=\"http:\/\/proengines.fi\/wordpress\/wp-content\/uploads\/2015\/09\/8-JPG-300x200.jpg 300w, http:\/\/proengines.fi\/wordpress\/wp-content\/uploads\/2015\/09\/8-JPG.jpg 1024w, http:\/\/proengines.fi\/wordpress\/wp-content\/uploads\/2015\/09\/8-JPG-450x300.jpg 450w\" sizes=\"auto, (max-width: 300px) 100vw, 300px\" \/><br \/>\nAloitin yrityksess\u00e4 1995 erilaisissa kilpa-auto projekteissa.Yrityksen liiketoiminta myytiin 2005 ja uudeksi nimeksi vaihtui Pro Engines Ky.<\/p>\n<p>Viiden vuoden j\u00e4lkeen kisakamoottorit alkoivat j\u00e4lleen kiinnostamaan ja aloitin 2011 moottorihommat t\u00e4ysip\u00e4iv\u00e4isesti.<\/p>\n","protected":false},"excerpt":{"rendered":"<div class=\"mh-excerpt\"><p>Pro Engines on perustettu jo vuonna 1972. Tuolloin nimen\u00e4 oli Kokkolan Moottorihiomo Ky. Toimenkuvana oli moottoreiden koneistusty\u00f6t. Aloitin yrityksess\u00e4 1995 erilaisissa kilpa-auto projekteissa.Yrityksen liiketoiminta myytiin <a class=\"mh-excerpt-more\" href=\"http:\/\/proengines.fi\/wordpress\/historia\/\" title=\"Historia\">[&#8230;]<\/a><\/p>\n<\/div>","protected":false},"author":1,"featured_media":0,"parent":0,"menu_order":0,"comment_status":"closed","ping_status":"closed","template":"","meta":{"ngg_post_thumbnail":0,"footnotes":""},"class_list":["post-143","page","type-page","status-publish","hentry"],"_links":{"self":[{"href":"http:\/\/proengines.fi\/wordpress\/wp-json\/wp\/v2\/pages\/143","targetHints":{"allow":["GET"]}}],"collection":[{"href":"http:\/\/proengines.fi\/wordpress\/wp-json\/wp\/v2\/pages"}],"about":[{"href":"http:\/\/proengines.fi\/wordpress\/wp-json\/wp\/v2\/types\/page"}],"author":[{"embeddable":true,"href":"http:\/\/proengines.fi\/wordpress\/wp-json\/wp\/v2\/users\/1"}],"replies":[{"embeddable":true,"href":"http:\/\/proengines.fi\/wordpress\/wp-json\/wp\/v2\/comments?post=143"}],"version-history":[{"count":3,"href":"http:\/\/proengines.fi\/wordpress\/wp-json\/wp\/v2\/pages\/143\/revisions"}],"predecessor-version":[{"id":146,"href":"http:\/\/proengines.fi\/wordpress\/wp-json\/wp\/v2\/pages\/143\/revisions\/146"}],"wp:attachment":[{"href":"http:\/\/proengines.fi\/wordpress\/wp-json\/wp\/v2\/media?parent=143"}],"curies":[{"name":"wp","href":"https:\/\/api.w.org\/{rel}","templated":true}]}}